{"id":296,"date":"2016-08-30T15:11:29","date_gmt":"2016-08-30T15:11:29","guid":{"rendered":"http:\/\/www.ana-gramas.com\/elrayoverde\/?page_id=296"},"modified":"2026-03-02T17:08:21","modified_gmt":"2026-03-02T17:08:21","slug":"jesus-mateos-montero","status":"publish","type":"page","link":"https:\/\/www.ana-gramas.com\/elrayoverde\/jesus-mateos-montero\/","title":{"rendered":"Jes\u00fas Mateos Montero"},"content":{"rendered":"\n<div class=\"et_pb_section_0 et_pb_section et_section_regular et_block_section\"><div class=\"et_pb_row_0 et_pb_row et_pb_row_4col et_block_row et_block_row_4col\"><div class=\"et_pb_column_0 et_pb_column et_pb_column_1_4 et_block_column et_pb_css_mix_blend_mode_passthrough\"><div class=\"et_pb_team_member_0 et_pb_team_member et_pb_bg_layout_light et_pb_text_align_center et_pb_module et_block_module\"><div class=\"et_pb_team_member_image et-waypoint et_pb_animation_off\"><img loading=\"lazy\" decoding=\"async\" src=\"https:\/\/www.ana-gramas.com\/elrayoverde\/wp-content\/uploads\/2016\/08\/jmm_animacion_03.gif\" alt=\"Jes\u00fas Mateos Montero\" width=\"200\" height=\"263\" srcset=\"https:\/\/www.ana-gramas.com\/elrayoverde\/wp-content\/uploads\/2016\/08\/jmm_animacion_03.gif 200w\" sizes=\"(max-width: 200px) 100vw, 200px\" class=\"wp-image-236\" \/><\/div><div class=\"et_pb_team_member_description\"><h4 class=\"et_pb_module_header\">Jes\u00fas Mateos Montero<\/h4><div class=\"et_pb_team_member_description_content\"><p><a href=\"mailto:jmateos314@gmail.com\">jmateos314@gmail.com<\/a><\/p>\n<p style=\"text-align: center;\">\n<\/div><\/div><\/div><\/div><div class=\"et_pb_column_1 et_pb_column et_pb_column_1_4 et_block_column et_pb_css_mix_blend_mode_passthrough\"><div class=\"et_pb_text_0 et_pb_text et_pb_bg_layout_light et_pb_module et_block_module\"><div class=\"et_pb_text_inner\"><p><cite>Del sol quedaba un \u00faltimo, fr\u00e1gil segmento anaranjado. Lo vimos desaparecer detr\u00e1s del perfecto borde del mar, envuelto en el halo que a\u00fan durar\u00eda algunos minutos. Y entonces surgi\u00f3 el rayo verde, no era un rayo sino un fulgor, una chispa instant\u00e1nea en un punto como de fusi\u00f3n alqu\u00edmica, de soluci\u00f3n heracliteana de elementos. Era una chispa intensamente verde, era un rayo verde aunque no fuera un rayo, era el rayo verde, era Julio Verne murmur\u00e1ndome al o\u00eddo: \u00bfLo viste al fin, gran tonto?<\/cite><\/p>\n<p><em>Julio Cort\u00e1zar<\/em><\/p>\n<\/div><\/div><\/div><div class=\"et_pb_column_2 et_pb_column et_pb_column_1_4 et_block_column et_pb_css_mix_blend_mode_passthrough\"><div class=\"et_pb_image_0 et_pb_image et_pb_module et_block_module\"><span class=\"et_pb_image_wrap\"><img loading=\"lazy\" decoding=\"async\" src=\"https:\/\/www.ana-gramas.com\/elrayoverde\/wp-content\/uploads\/2020\/05\/polilla_01.png\" width=\"100\" height=\"99\" srcset=\"https:\/\/www.ana-gramas.com\/elrayoverde\/wp-content\/uploads\/2020\/05\/polilla_01.png 100w\" sizes=\"(max-width: 100px) 100vw, 100px\" class=\"wp-image-933\" \/><\/span><\/div><\/div><div class=\"et_pb_column_3 et_pb_column et_pb_column_1_4 et-last-child et_block_column et_pb_css_mix_blend_mode_passthrough\"><div class=\"et_pb_image_1 et_pb_image et_animated et_pb_module et_block_module\"><span class=\"et_pb_image_wrap\"><img loading=\"lazy\" decoding=\"async\" src=\"https:\/\/www.ana-gramas.com\/elrayoverde\/wp-content\/uploads\/2023\/06\/cartel_cruz_roja_erv.jpg\" width=\"564\" height=\"900\" srcset=\"https:\/\/www.ana-gramas.com\/elrayoverde\/wp-content\/uploads\/2023\/06\/cartel_cruz_roja_erv.jpg 564w, https:\/\/www.ana-gramas.com\/elrayoverde\/wp-content\/uploads\/2023\/06\/cartel_cruz_roja_erv-480x766.jpg 480w\" sizes=\"(min-width: 0px) and (max-width: 480px) 480px, (min-width: 481px) 564px, 100vw\" class=\"wp-image-2433\" title=\"Cartel Cruz Roja\" alt=\"Fotograf\u00eda Jes\u00fas Mateos Montero\" \/><\/span><\/div><\/div><\/div><div class=\"et_pb_row_1 et_pb_row et_block_row\"><div class=\"et_pb_column_4 et_pb_column et_pb_column_4_4 et-last-child et_block_column et_pb_css_mix_blend_mode_passthrough\"><div class=\"et_pb_text_1 et_pb_text et_pb_bg_layout_light et_pb_module et_block_module\"><div class=\"et_pb_text_inner\"><h5>Soy fot\u00f3grafo aficionado y <span style=\"color: #95bb8f; font-weight: bold;\">El Rayo Verde\u00a0<\/span>es el blog que me permite mostrar mi trabajo.<\/h5>\n<h5>Es mi forma f\u00e1cil, r\u00e1pida y no invasiva de compartir lo que hago con quien lo quiera ver.<\/h5>\n<\/div><\/div><\/div><\/div><div class=\"et_pb_row_2 et_pb_row et_block_row\"><div class=\"et_pb_column_5 et_pb_column et_pb_column_4_4 et-last-child et_block_column et_pb_css_mix_blend_mode_passthrough\"><div class=\"et_pb_text_2 et_pb_text et_pb_bg_layout_light et_pb_module et_block_module\"><div class=\"et_pb_text_inner\"><p><em>Hago fotos de gente porque est\u00e1n ah\u00ed y porque nunca, ni aun intent\u00e1ndolo, me pasa desapercibido lo que me rodea, y porque me gusta a\u00f1adir instantes a un instante, o al menos alargar la vida de una imagen unos segundos, como cuando despu\u00e9s de mirar cerramos los ojos.<\/em><em><\/em><em><\/em><\/p>\n<p><em>Y lo hago a pesar de la dificultad que, para alguien un poco t\u00edmido como yo, supone hacer fotograf\u00edas a gente en su cotidianidad.<\/em><\/p>\n<p><em>Personas que nunca volver\u00e1s a ver se desenvuelven a diario en calles y paisajes en sus quehaceres, preocupaciones y alegr\u00edas. Es inevitable a veces preguntarse qu\u00e9 les ha llevado a ese momento, qu\u00e9 har\u00e1n luego y ponerle una continuaci\u00f3n, inventada y falsa, porque al fin y al cabo han formado durante un instante parte de nuestra existencia. <\/em><\/p>\n<p><em>Lo que he intentado con estas fotograf\u00edas es contar esas historias<\/em><\/p>\n<\/div><\/div><div class=\"et_pb_image_2 et_pb_image et_pb_module et_block_module\"><span class=\"et_pb_image_wrap\"><img loading=\"lazy\" decoding=\"async\" src=\"https:\/\/www.ana-gramas.com\/elrayoverde\/wp-content\/uploads\/2016\/08\/firma_jm.png\" width=\"110\" height=\"33\" srcset=\"https:\/\/www.ana-gramas.com\/elrayoverde\/wp-content\/uploads\/2016\/08\/firma_jm.png 110w\" sizes=\"(max-width: 110px) 100vw, 110px\" class=\"wp-image-329\" \/><\/span><\/div><\/div><\/div><\/div><div class=\"et_pb_section_1 et_pb_section et_section_regular et_block_section\"><div class=\"et_pb_row_3 et_pb_row et_block_row\"><div class=\"et_pb_column_6 et_pb_column et_pb_column_4_4 et-last-child et_block_column et_pb_css_mix_blend_mode_passthrough\"><div class=\"et_pb_text_3 et_pb_text et_pb_bg_layout_light et_pb_module et_block_module\"><div class=\"et_pb_text_inner\"><h2>D\u00f3nde ver m\u00e1s<\/h2>\n<\/div><\/div><\/div><\/div><div class=\"et_pb_row_4 et_pb_row et_block_row\"><div class=\"et_pb_column_7 et_pb_column et_pb_column_1_2 et_block_column et_pb_css_mix_blend_mode_passthrough\"><div class=\"et_pb_text_4 et_pb_text et_pb_bg_layout_light et_pb_module et_block_module\"><div class=\"et_pb_text_inner\"><p>Un reportaje sobre mis fotograf\u00edas en el programa de RTV2 <a href=\"https:\/\/www.rtve.es\/play\/videos\/la-aventura-del-saber\/27-01-22\/6322022\/\" target=\"_blank\" rel=\"noopener\">La aventura del saber<\/a><\/p>\n<p>Puedo poneros el <a href=\"https:\/\/fb.watch\/bNLHIjcvGj\/\">reportaje completo<\/a> desligado del resto del programa.<\/p>\n<p><a href=\"https:\/\/www.boekvisual.com\" target=\"_blank\" rel=\"noopener\">Boek visual<\/a> tuvo el detalle de incluir una <a href=\"https:\/\/www.boekvisual.com\/jesus-mateos\" target=\"_blank\" rel=\"noopener\">colecci\u00f3n de fotos m\u00edas<\/a> entre sus galer\u00edas.<\/p>\n<\/div><\/div><\/div><div class=\"et_pb_column_8 et_pb_column et_pb_column_1_2 et-last-child et_block_column et_pb_css_mix_blend_mode_passthrough\"><div class=\"et_pb_image_3 et_pb_image et_pb_module et_block_module\"><a href=\"https:\/\/www.boekvisual.com\" target=\"_blank\"><span class=\"et_pb_image_wrap\"><img loading=\"lazy\" decoding=\"async\" src=\"https:\/\/www.ana-gramas.com\/elrayoverde\/wp-content\/uploads\/2022\/03\/boek_visual.jpg.webp\" width=\"216\" height=\"198\" srcset=\"https:\/\/www.ana-gramas.com\/elrayoverde\/wp-content\/uploads\/2022\/03\/boek_visual.jpg.webp 216w\" sizes=\"(max-width: 216px) 100vw, 216px\" class=\"wp-image-2224\" title=\"boek_visual.jpg\" alt=\"Boek visual\" \/><\/span><\/a><\/div><\/div><\/div><div class=\"et_pb_row_5 et_pb_row et_block_row\"><div class=\"et_pb_column_9 et_pb_column et_pb_column_1_2 et_block_column et_pb_css_mix_blend_mode_passthrough\"><div class=\"et_pb_text_5 et_pb_text et_pb_bg_layout_light et_pb_module et_block_module\"><div class=\"et_pb_text_inner\"><p>La gente de <a href=\"https:\/\/agrupacionsandionisio.com\/\" target=\"_blank\" rel=\"noopener\">La Agrupaci\u00f3n Fotogr\u00e1fica Jerezana San Dionisio<\/a> tuvieron la gentileza de invitarme a charlar sobre mis fotograf\u00edas en uno de sus encuentros habituales.<\/p>\n<p>Esta reuni\u00f3n se colg\u00f3 en youtube. <a href=\"https:\/\/www.youtube.com\/watch?v=HqhOQs5YsO4&amp;t=1355s\" target=\"_blank\" rel=\"noopener\">\u00c9ste es el enlace<\/a>.<\/p>\n<\/div><\/div><\/div><div class=\"et_pb_column_10 et_pb_column et_pb_column_1_2 et-last-child et_block_column et_pb_css_mix_blend_mode_passthrough\"><div class=\"et_pb_image_4 et_pb_image et_pb_module et_block_module\"><a href=\"https:\/\/www.youtube.com\/watch?v=HqhOQs5YsO4&#038;t=1355s\" target=\"_blank\"><span class=\"et_pb_image_wrap\"><img loading=\"lazy\" decoding=\"async\" src=\"https:\/\/www.ana-gramas.com\/elrayoverde\/wp-content\/uploads\/2023\/05\/charla_sdionisio_min.jpg\" width=\"247\" height=\"188\" srcset=\"https:\/\/www.ana-gramas.com\/elrayoverde\/wp-content\/uploads\/2023\/05\/charla_sdionisio_min.jpg 247w\" sizes=\"(max-width: 247px) 100vw, 247px\" class=\"wp-image-2382\" title=\"Charla en la agrupaci\u00f3n fotogr\u00e1fica Sa Dionisio\" alt=\"V\u00eddeo charla en youtube\" \/><\/span><\/a><\/div><\/div><\/div><div class=\"et_pb_row_6 et_pb_row et_block_row\"><div class=\"et_pb_column_11 et_pb_column et_pb_column_1_2 et_block_column et_pb_css_mix_blend_mode_passthrough\"><div class=\"et_pb_text_6 et_pb_text et_pb_bg_layout_light et_pb_module et_block_module\"><div class=\"et_pb_text_inner\"><p><a href=\"https:\/\/www.ana-gramas.com\/elrayoverde\/exposicion-en-la-galeria-blanco-y-negro\/\">Exposici\u00f3n de fotogfaf\u00edas<\/a> en la Galer\u00eda Blanco y Negro<\/p>\n<p style=\"margin-top: 14px;\">Del 12 de enero al 8 de febrero de 2025Galer\u00eda Blanco y Negro<br \/>\nC\/ Ricardo Alc\u00f3n 10<br \/>\nEl Puerto de Santa Mar\u00eda<\/p>\n<\/div><\/div><\/div><div class=\"et_pb_column_12 et_pb_column et_pb_column_1_2 et-last-child et_block_column et_pb_css_mix_blend_mode_passthrough\"><div class=\"et_pb_image_5 et_pb_image et_pb_module et_block_module\"><a href=\"https:\/\/www.ana-gramas.com\/elrayoverde\/exposicion-en-la-galeria-blanco-y-negro\/\"><span class=\"et_pb_image_wrap\"><img loading=\"lazy\" decoding=\"async\" src=\"https:\/\/www.ana-gramas.com\/elrayoverde\/wp-content\/uploads\/2025\/01\/destacada_expo.jpg\" width=\"250\" height=\"250\" srcset=\"https:\/\/www.ana-gramas.com\/elrayoverde\/wp-content\/uploads\/2025\/01\/destacada_expo.jpg 250w, https:\/\/www.ana-gramas.com\/elrayoverde\/wp-content\/uploads\/2025\/01\/destacada_expo-150x150.jpg 150w\" sizes=\"(max-width: 250px) 100vw, 250px\" class=\"wp-image-3305\" title=\"Exposici\u00f3n ByN\" alt=\"Exposici\u00f3n ByN\" \/><\/span><\/a><\/div><\/div><\/div><div class=\"et_pb_row_7 et_pb_row et_block_row\"><div class=\"et_pb_column_13 et_pb_column et_pb_column_1_2 et_block_column et_pb_css_mix_blend_mode_passthrough\"><div class=\"et_pb_text_7 et_pb_text et_pb_bg_layout_light et_pb_module et_block_module\"><div class=\"et_pb_text_inner\"><h3>Tambi\u00e9n me puedes seguir en<\/h3>\n<\/div><\/div><\/div><div class=\"et_pb_column_14 et_pb_column et_pb_column_1_2 et-last-child et_block_column et_pb_css_mix_blend_mode_passthrough\"><ul class=\"et_pb_social_media_follow_0 et_pb_social_media_follow clearfix et_pb_bg_layout_light et_pb_text_align_left et_pb_text_align_center-tablet et_pb_text_align_center-phone et_pb_module et_block_module\"><li class=\"et_pb_social_media_follow_network_0 et_pb_social_media_follow_network et_pb_social_icon et_pb_social_network_link et-social-instagram et_pb_module et_flex_module\"><a href=\"https:\/\/www.instagram.com\/jmateosmontero\/\" class=\"icon\" target=\"_self\" title=\"Seguir en  Instagram \" rel=\"noopener\"><span class=\"et_pb_social_media_follow_network_name\">Seguir<\/span><\/a><\/li><li class=\"et_pb_social_media_follow_network_1 et_pb_social_media_follow_network et_pb_social_icon et_pb_social_network_link et-social-facebook et_pb_module et_flex_module\"><a href=\"https:\/\/www.facebook.com\/jesus.mateosmontero\" class=\"icon\" target=\"_self\" title=\"Seguir en  Facebook \" rel=\"noopener\"><span class=\"et_pb_social_media_follow_network_name\">Seguir<\/span><\/a><\/li><li class=\"et_pb_social_media_follow_network_2 et_pb_social_media_follow_network et_pb_social_icon et_pb_social_network_link et-social-pinterest et_pb_module et_flex_module\"><a href=\"https:\/\/www.pinterest.es\/jmateos314\/\" class=\"icon\" target=\"_self\" title=\"Seguir en Pinterest\" rel=\"noopener\"><span class=\"et_pb_social_media_follow_network_name\">Seguir<\/span><\/a><\/li><\/ul><\/div><\/div><\/div>\n","protected":false},"excerpt":{"rendered":"","protected":false},"author":1,"featured_media":1415,"parent":0,"menu_order":0,"comment_status":"closed","ping_status":"closed","template":"","meta":{"footnotes":""},"class_list":["post-296","page","type-page","status-publish","has-post-thumbnail","hentry"],"yoast_head":"<!-- This site is optimized with the Yoast SEO plugin v27.3 - https:\/\/yoast.com\/product\/yoast-seo-wordpress\/ -->\n<title>Jes\u00fas Mateos Montero - El Rayo Verde<\/title>\n<meta name=\"description\" content=\"Jes\u00fas Mateos Montero. Un poco sobre el autor. Fotograf\u00edas e ilustraciones. Street photography...Y alg\u00fan cuento.\" \/>\n<meta name=\"robots\" content=\"index, follow, max-snippet:-1, max-image-preview:large, max-video-preview:-1\" \/>\n<link rel=\"canonical\" href=\"https:\/\/www.ana-gramas.com\/elrayoverde\/jesus-mateos-montero\/\" \/>\n<meta property=\"og:locale\" content=\"es_ES\" \/>\n<meta property=\"og:type\" content=\"article\" \/>\n<meta property=\"og:title\" content=\"Jes\u00fas Mateos Montero - El Rayo Verde\" \/>\n<meta property=\"og:description\" content=\"Jes\u00fas Mateos Montero. Un poco sobre el autor. Fotograf\u00edas e ilustraciones. Street photography...Y alg\u00fan cuento.\" \/>\n<meta property=\"og:url\" content=\"https:\/\/www.ana-gramas.com\/elrayoverde\/jesus-mateos-montero\/\" \/>\n<meta property=\"og:site_name\" content=\"El Rayo Verde\" \/>\n<meta property=\"article:modified_time\" content=\"2026-03-02T17:08:21+00:00\" \/>\n<meta property=\"og:image\" content=\"https:\/\/www.ana-gramas.com\/elrayoverde\/wp-content\/uploads\/2020\/12\/tipula_01.png\" \/>\n\t<meta property=\"og:image:width\" content=\"254\" \/>\n\t<meta property=\"og:image:height\" content=\"254\" \/>\n\t<meta property=\"og:image:type\" content=\"image\/png\" \/>\n<meta name=\"twitter:card\" content=\"summary_large_image\" \/>\n<meta name=\"twitter:site\" content=\"@jmateosmontero\" \/>\n<meta name=\"twitter:label1\" content=\"Tiempo de lectura\" \/>\n\t<meta name=\"twitter:data1\" content=\"2 minutos\" \/>\n<script type=\"application\/ld+json\" class=\"yoast-schema-graph\">{\"@context\":\"https:\\\/\\\/schema.org\",\"@graph\":[{\"@type\":\"WebPage\",\"@id\":\"https:\\\/\\\/www.ana-gramas.com\\\/elrayoverde\\\/jesus-mateos-montero\\\/\",\"url\":\"https:\\\/\\\/www.ana-gramas.com\\\/elrayoverde\\\/jesus-mateos-montero\\\/\",\"name\":\"Jes\u00fas Mateos Montero - El Rayo Verde\",\"isPartOf\":{\"@id\":\"https:\\\/\\\/www.ana-gramas.com\\\/elrayoverde\\\/#website\"},\"primaryImageOfPage\":{\"@id\":\"https:\\\/\\\/www.ana-gramas.com\\\/elrayoverde\\\/jesus-mateos-montero\\\/#primaryimage\"},\"image\":{\"@id\":\"https:\\\/\\\/www.ana-gramas.com\\\/elrayoverde\\\/jesus-mateos-montero\\\/#primaryimage\"},\"thumbnailUrl\":\"https:\\\/\\\/www.ana-gramas.com\\\/elrayoverde\\\/wp-content\\\/uploads\\\/2020\\\/12\\\/tipula_01.png\",\"datePublished\":\"2016-08-30T15:11:29+00:00\",\"dateModified\":\"2026-03-02T17:08:21+00:00\",\"description\":\"Jes\u00fas Mateos Montero. Un poco sobre el autor. Fotograf\u00edas e ilustraciones. Street photography...Y alg\u00fan cuento.\",\"breadcrumb\":{\"@id\":\"https:\\\/\\\/www.ana-gramas.com\\\/elrayoverde\\\/jesus-mateos-montero\\\/#breadcrumb\"},\"inLanguage\":\"es\",\"potentialAction\":[{\"@type\":\"ReadAction\",\"target\":[\"https:\\\/\\\/www.ana-gramas.com\\\/elrayoverde\\\/jesus-mateos-montero\\\/\"]}]},{\"@type\":\"ImageObject\",\"inLanguage\":\"es\",\"@id\":\"https:\\\/\\\/www.ana-gramas.com\\\/elrayoverde\\\/jesus-mateos-montero\\\/#primaryimage\",\"url\":\"https:\\\/\\\/www.ana-gramas.com\\\/elrayoverde\\\/wp-content\\\/uploads\\\/2020\\\/12\\\/tipula_01.png\",\"contentUrl\":\"https:\\\/\\\/www.ana-gramas.com\\\/elrayoverde\\\/wp-content\\\/uploads\\\/2020\\\/12\\\/tipula_01.png\",\"width\":254,\"height\":254,\"caption\":\"T\u00edpula\"},{\"@type\":\"BreadcrumbList\",\"@id\":\"https:\\\/\\\/www.ana-gramas.com\\\/elrayoverde\\\/jesus-mateos-montero\\\/#breadcrumb\",\"itemListElement\":[{\"@type\":\"ListItem\",\"position\":1,\"name\":\"Inicio\",\"item\":\"https:\\\/\\\/www.ana-gramas.com\\\/elrayoverde\\\/\"},{\"@type\":\"ListItem\",\"position\":2,\"name\":\"Jes\u00fas Mateos Montero\"}]},{\"@type\":\"WebSite\",\"@id\":\"https:\\\/\\\/www.ana-gramas.com\\\/elrayoverde\\\/#website\",\"url\":\"https:\\\/\\\/www.ana-gramas.com\\\/elrayoverde\\\/\",\"name\":\"El Rayo Verde\",\"description\":\"Fotograf\u00edas e ilustraciones de Jes\u00fas Mateos Montero\",\"publisher\":{\"@id\":\"https:\\\/\\\/www.ana-gramas.com\\\/elrayoverde\\\/#\\\/schema\\\/person\\\/792ee8de52e361e1385a392543278911\"},\"potentialAction\":[{\"@type\":\"SearchAction\",\"target\":{\"@type\":\"EntryPoint\",\"urlTemplate\":\"https:\\\/\\\/www.ana-gramas.com\\\/elrayoverde\\\/?s={search_term_string}\"},\"query-input\":{\"@type\":\"PropertyValueSpecification\",\"valueRequired\":true,\"valueName\":\"search_term_string\"}}],\"inLanguage\":\"es\"},{\"@type\":[\"Person\",\"Organization\"],\"@id\":\"https:\\\/\\\/www.ana-gramas.com\\\/elrayoverde\\\/#\\\/schema\\\/person\\\/792ee8de52e361e1385a392543278911\",\"name\":\"Jesus Mateos Montero\",\"image\":{\"@type\":\"ImageObject\",\"inLanguage\":\"es\",\"@id\":\"https:\\\/\\\/www.ana-gramas.com\\\/elrayoverde\\\/wp-content\\\/uploads\\\/2020\\\/12\\\/logo_erv_negro_01.png\",\"url\":\"https:\\\/\\\/www.ana-gramas.com\\\/elrayoverde\\\/wp-content\\\/uploads\\\/2020\\\/12\\\/logo_erv_negro_01.png\",\"contentUrl\":\"https:\\\/\\\/www.ana-gramas.com\\\/elrayoverde\\\/wp-content\\\/uploads\\\/2020\\\/12\\\/logo_erv_negro_01.png\",\"width\":290,\"height\":125,\"caption\":\"Jesus Mateos Montero\"},\"logo\":{\"@id\":\"https:\\\/\\\/www.ana-gramas.com\\\/elrayoverde\\\/wp-content\\\/uploads\\\/2020\\\/12\\\/logo_erv_negro_01.png\"}}]}<\/script>\n<!-- \/ Yoast SEO plugin. -->","yoast_head_json":{"title":"Jes\u00fas Mateos Montero - El Rayo Verde","description":"Jes\u00fas Mateos Montero. Un poco sobre el autor. Fotograf\u00edas e ilustraciones. Street photography...Y alg\u00fan cuento.","robots":{"index":"index","follow":"follow","max-snippet":"max-snippet:-1","max-image-preview":"max-image-preview:large","max-video-preview":"max-video-preview:-1"},"canonical":"https:\/\/www.ana-gramas.com\/elrayoverde\/jesus-mateos-montero\/","og_locale":"es_ES","og_type":"article","og_title":"Jes\u00fas Mateos Montero - El Rayo Verde","og_description":"Jes\u00fas Mateos Montero. Un poco sobre el autor. Fotograf\u00edas e ilustraciones. Street photography...Y alg\u00fan cuento.","og_url":"https:\/\/www.ana-gramas.com\/elrayoverde\/jesus-mateos-montero\/","og_site_name":"El Rayo Verde","article_modified_time":"2026-03-02T17:08:21+00:00","og_image":[{"width":254,"height":254,"url":"https:\/\/www.ana-gramas.com\/elrayoverde\/wp-content\/uploads\/2020\/12\/tipula_01.png","type":"image\/png"}],"twitter_card":"summary_large_image","twitter_site":"@jmateosmontero","twitter_misc":{"Tiempo de lectura":"2 minutos"},"schema":{"@context":"https:\/\/schema.org","@graph":[{"@type":"WebPage","@id":"https:\/\/www.ana-gramas.com\/elrayoverde\/jesus-mateos-montero\/","url":"https:\/\/www.ana-gramas.com\/elrayoverde\/jesus-mateos-montero\/","name":"Jes\u00fas Mateos Montero - El Rayo Verde","isPartOf":{"@id":"https:\/\/www.ana-gramas.com\/elrayoverde\/#website"},"primaryImageOfPage":{"@id":"https:\/\/www.ana-gramas.com\/elrayoverde\/jesus-mateos-montero\/#primaryimage"},"image":{"@id":"https:\/\/www.ana-gramas.com\/elrayoverde\/jesus-mateos-montero\/#primaryimage"},"thumbnailUrl":"https:\/\/www.ana-gramas.com\/elrayoverde\/wp-content\/uploads\/2020\/12\/tipula_01.png","datePublished":"2016-08-30T15:11:29+00:00","dateModified":"2026-03-02T17:08:21+00:00","description":"Jes\u00fas Mateos Montero. Un poco sobre el autor. Fotograf\u00edas e ilustraciones. Street photography...Y alg\u00fan cuento.","breadcrumb":{"@id":"https:\/\/www.ana-gramas.com\/elrayoverde\/jesus-mateos-montero\/#breadcrumb"},"inLanguage":"es","potentialAction":[{"@type":"ReadAction","target":["https:\/\/www.ana-gramas.com\/elrayoverde\/jesus-mateos-montero\/"]}]},{"@type":"ImageObject","inLanguage":"es","@id":"https:\/\/www.ana-gramas.com\/elrayoverde\/jesus-mateos-montero\/#primaryimage","url":"https:\/\/www.ana-gramas.com\/elrayoverde\/wp-content\/uploads\/2020\/12\/tipula_01.png","contentUrl":"https:\/\/www.ana-gramas.com\/elrayoverde\/wp-content\/uploads\/2020\/12\/tipula_01.png","width":254,"height":254,"caption":"T\u00edpula"},{"@type":"BreadcrumbList","@id":"https:\/\/www.ana-gramas.com\/elrayoverde\/jesus-mateos-montero\/#breadcrumb","itemListElement":[{"@type":"ListItem","position":1,"name":"Inicio","item":"https:\/\/www.ana-gramas.com\/elrayoverde\/"},{"@type":"ListItem","position":2,"name":"Jes\u00fas Mateos Montero"}]},{"@type":"WebSite","@id":"https:\/\/www.ana-gramas.com\/elrayoverde\/#website","url":"https:\/\/www.ana-gramas.com\/elrayoverde\/","name":"El Rayo Verde","description":"Fotograf\u00edas e ilustraciones de Jes\u00fas Mateos Montero","publisher":{"@id":"https:\/\/www.ana-gramas.com\/elrayoverde\/#\/schema\/person\/792ee8de52e361e1385a392543278911"},"potentialAction":[{"@type":"SearchAction","target":{"@type":"EntryPoint","urlTemplate":"https:\/\/www.ana-gramas.com\/elrayoverde\/?s={search_term_string}"},"query-input":{"@type":"PropertyValueSpecification","valueRequired":true,"valueName":"search_term_string"}}],"inLanguage":"es"},{"@type":["Person","Organization"],"@id":"https:\/\/www.ana-gramas.com\/elrayoverde\/#\/schema\/person\/792ee8de52e361e1385a392543278911","name":"Jesus Mateos Montero","image":{"@type":"ImageObject","inLanguage":"es","@id":"https:\/\/www.ana-gramas.com\/elrayoverde\/wp-content\/uploads\/2020\/12\/logo_erv_negro_01.png","url":"https:\/\/www.ana-gramas.com\/elrayoverde\/wp-content\/uploads\/2020\/12\/logo_erv_negro_01.png","contentUrl":"https:\/\/www.ana-gramas.com\/elrayoverde\/wp-content\/uploads\/2020\/12\/logo_erv_negro_01.png","width":290,"height":125,"caption":"Jesus Mateos Montero"},"logo":{"@id":"https:\/\/www.ana-gramas.com\/elrayoverde\/wp-content\/uploads\/2020\/12\/logo_erv_negro_01.png"}}]}},"_links":{"self":[{"href":"https:\/\/www.ana-gramas.com\/elrayoverde\/wp-json\/wp\/v2\/pages\/296","targetHints":{"allow":["GET"]}}],"collection":[{"href":"https:\/\/www.ana-gramas.com\/elrayoverde\/wp-json\/wp\/v2\/pages"}],"about":[{"href":"https:\/\/www.ana-gramas.com\/elrayoverde\/wp-json\/wp\/v2\/types\/page"}],"author":[{"embeddable":true,"href":"https:\/\/www.ana-gramas.com\/elrayoverde\/wp-json\/wp\/v2\/users\/1"}],"replies":[{"embeddable":true,"href":"https:\/\/www.ana-gramas.com\/elrayoverde\/wp-json\/wp\/v2\/comments?post=296"}],"version-history":[{"count":0,"href":"https:\/\/www.ana-gramas.com\/elrayoverde\/wp-json\/wp\/v2\/pages\/296\/revisions"}],"wp:featuredmedia":[{"embeddable":true,"href":"https:\/\/www.ana-gramas.com\/elrayoverde\/wp-json\/wp\/v2\/media\/1415"}],"wp:attachment":[{"href":"https:\/\/www.ana-gramas.com\/elrayoverde\/wp-json\/wp\/v2\/media?parent=296"}],"curies":[{"name":"wp","href":"https:\/\/api.w.org\/{rel}","templated":true}]}}